{"id":1009,"date":"2023-11-15T14:11:33","date_gmt":"2023-11-15T14:11:33","guid":{"rendered":"https:\/\/www.union-industrielle.fr\/?page_id=1009"},"modified":"2023-12-20T16:05:47","modified_gmt":"2023-12-20T16:05:47","slug":"contact","status":"publish","type":"page","link":"https:\/\/www.union-industrielle.fr\/en\/contact\/","title":{"rendered":"Contact us"},"content":{"rendered":"\n<div class=\"wp-block-columns is-layout-flex wp-container-core-columns-is-layout-9d6595d7 wp-block-columns-is-layout-flex\">\n<div class=\"wp-block-column is-layout-flow wp-block-column-is-layout-flow\">\n<h2 class=\"wp-block-heading\">Contact details<\/h2>\n\n\n\n<h3 class=\"wp-block-heading has-primary-800-color has-text-color has-link-color wp-elements-aef13a6c1ccd5bfecea210df6332f8ef\">Lyon&nbsp;:<\/h3>\n\n\n\n<iframe src=\"https:\/\/www.google.com\/maps\/embed?pb=!1m18!1m12!1m3!1d2783.368756816464!2d4.846948276290405!3d45.763799571080405!2m3!1f0!2f0!3f0!3m2!1i1024!2i768!4f13.1!3m3!1m2!1s0x47f4eaed00000001%3A0x91b4df34aa3b1a7b!2sUnion%20Industrielle!5e0!3m2!1sfr!2sfr!4v1700647712340!5m2!1sfr!2sfr\" width=\"600\" height=\"300\" style=\"border:0;\" allowfullscreen=\"\" loading=\"lazy\" referrerpolicy=\"no-referrer-when-downgrade\"><\/iframe>\n\n\n\n<p><strong>Si\u00e8ge social Union Industrielle<\/strong><br>91 cours Lafayette \u2013 69455 LYON CEDEX 06 <br>T\u00e9l&nbsp;: 04 72 83 80 70 <br><a href=\"mailto:contact@union-industrielle.fr\">contact@union-industrielle.fr<\/a><\/p>\n\n\n\n<div style=\"height:50px\" aria-hidden=\"true\" class=\"wp-block-spacer\"><\/div>\n\n\n\n<h3 class=\"wp-block-heading has-primary-800-color has-text-color has-link-color wp-elements-5746d1b10e17f1029082ebd18ac650c1\">Grenoble&nbsp;:<\/h3>\n\n\n\n<iframe src=\"https:\/\/www.google.com\/maps\/embed?pb=!1m18!1m12!1m3!1d2811.8952790384665!2d5.714810776697283!3d45.189216051743564!2m3!1f0!2f0!3f0!3m2!1i1024!2i768!4f13.1!3m3!1m2!1s0x478af48f96eea04f%3A0xc24a460c8286d5de!2sAGB%20ASSURANCES!5e0!3m2!1sfr!2sfr!4v1700647840848!5m2!1sfr!2sfr\" width=\"600\" height=\"300\" style=\"border:0;\" allowfullscreen=\"\" loading=\"lazy\" referrerpolicy=\"no-referrer-when-downgrade\"><\/iframe>\n\n\n\n<p><strong>AGB Courtage<\/strong><br>17 rue du Denfert Rochereau \u2013 38000 GRENOBLE <br>T\u00e9l.&nbsp;: 04 76 87 20 24<\/p>\n\n\n\n<div style=\"height:50px\" aria-hidden=\"true\" class=\"wp-block-spacer\"><\/div>\n\n\n\n<h3 class=\"wp-block-heading has-primary-800-color has-text-color has-link-color wp-elements-aef13a6c1ccd5bfecea210df6332f8ef\">Lyon&nbsp;:<\/h3>\n\n\n\n<iframe src=\"https:\/\/www.google.com\/maps\/embed?pb=!1m14!1m8!1m3!1d11133.653911888192!2d4.8360115!3d45.7629032!3m2!1i1024!2i768!4f13.1!3m3!1m2!1s0x47f4eaf268bcbcff%3A0x5684cb9f4aab93c0!2sSofras-Conseil%20Assurances!5e0!3m2!1sfr!2sfr!4v1702917135006!5m2!1sfr!2sfr\" width=\"600\" height=\"300\" style=\"border:0;\" allowfullscreen=\"\" loading=\"lazy\" referrerpolicy=\"no-referrer-when-downgrade\"><\/iframe>\n\n\n\n<p><strong>Sofras Conseil<\/strong><br>10 quai Andr\u00e9 Lassagne &#8211; 69001 LYON<br>T\u00e9l. : 04 78 37 57 17<\/p>\n<\/div>\n\n\n\n<div class=\"wp-block-column is-layout-flow wp-block-column-is-layout-flow\">\n<div class=\"wp-block-group has-white-color has-primary-800-background-color has-text-color has-background has-link-color wp-elements-cc2a0888b07e170b6e4b077446f1d8f1\"><div class=\"wp-block-group__inner-container is-layout-constrained wp-block-group-is-layout-constrained\">\n<h2 class=\"wp-block-heading\">Contact<\/h2>\n\n\n\n<div class=\"wpcf7 no-js\" id=\"wpcf7-f1014-o1\" lang=\"en-US\" dir=\"ltr\" data-wpcf7-id=\"1014\">\n<div class=\"screen-reader-response\"><p role=\"status\" aria-live=\"polite\" aria-atomic=\"true\"><\/p> <ul><\/ul><\/div>\n<form action=\"\/en\/wp-json\/wp\/v2\/pages\/1009#wpcf7-f1014-o1\" method=\"post\" class=\"wpcf7-form init\" aria-label=\"Contact form\" novalidate=\"novalidate\" data-status=\"init\">\n<fieldset class=\"hidden-fields-container\"><input type=\"hidden\" name=\"_wpcf7\" value=\"1014\" \/><input type=\"hidden\" name=\"_wpcf7_version\" value=\"6.1.5\" \/><input type=\"hidden\" name=\"_wpcf7_locale\" value=\"en_US\" \/><input type=\"hidden\" name=\"_wpcf7_unit_tag\" value=\"wpcf7-f1014-o1\" \/><input type=\"hidden\" name=\"_wpcf7_container_post\" value=\"0\" \/><input type=\"hidden\" name=\"_wpcf7_posted_data_hash\" value=\"\" \/><input type=\"hidden\" name=\"_wpcf7_recaptcha_response\" value=\"\" \/>\n<\/fieldset>\n<p><label>Your name*<br \/>\n<span class=\"wpcf7-form-control-wrap\" data-name=\"your-name\"><input size=\"40\" maxlength=\"400\" class=\"wpcf7-form-control wpcf7-text wpcf7-validates-as-required\" autocomplete=\"name\" aria-required=\"true\" aria-invalid=\"false\" value=\"\" type=\"text\" name=\"your-name\" \/><\/span> <\/label>\n<\/p>\n<p><label>Your first name*<br \/>\n<span class=\"wpcf7-form-control-wrap\" data-name=\"your-firstname\"><input size=\"40\" maxlength=\"400\" class=\"wpcf7-form-control wpcf7-text wpcf7-validates-as-required\" autocomplete=\"firstname\" aria-required=\"true\" aria-invalid=\"false\" value=\"\" type=\"text\" name=\"your-firstname\" \/><\/span> <\/label>\n<\/p>\n<p><label>Your company*<br \/>\n<span class=\"wpcf7-form-control-wrap\" data-name=\"your-company\"><input size=\"40\" maxlength=\"400\" class=\"wpcf7-form-control wpcf7-text wpcf7-validates-as-required\" aria-required=\"true\" aria-invalid=\"false\" value=\"\" type=\"text\" name=\"your-company\" \/><\/span> <\/label>\n<\/p>\n<p><label>Your position*<br \/>\n<span class=\"wpcf7-form-control-wrap\" data-name=\"your-function\"><input size=\"40\" maxlength=\"400\" class=\"wpcf7-form-control wpcf7-text wpcf7-validates-as-required\" aria-required=\"true\" aria-invalid=\"false\" value=\"\" type=\"text\" name=\"your-function\" \/><\/span> <\/label>\n<\/p>\n<p><label>Your email*<br \/>\n<span class=\"wpcf7-form-control-wrap\" data-name=\"your-email\"><input size=\"40\" maxlength=\"400\" class=\"wpcf7-form-control wpcf7-email wpcf7-validates-as-required wpcf7-text wpcf7-validates-as-email\" autocomplete=\"email\" aria-required=\"true\" aria-invalid=\"false\" value=\"\" type=\"email\" name=\"your-email\" \/><\/span> <\/label>\n<\/p>\n<p><label>Your phone*<br \/>\n<span class=\"wpcf7-form-control-wrap\" data-name=\"phone-number\"><input size=\"40\" maxlength=\"400\" class=\"wpcf7-form-control wpcf7-tel wpcf7-validates-as-required wpcf7-text wpcf7-validates-as-tel\" aria-required=\"true\" aria-invalid=\"false\" value=\"\" type=\"tel\" name=\"phone-number\" \/><\/span> <\/label>\n<\/p>\n<p><label>Your message*<br \/>\n<span class=\"wpcf7-form-control-wrap\" data-name=\"your-message\"><textarea cols=\"40\" rows=\"10\" maxlength=\"2000\" class=\"wpcf7-form-control wpcf7-textarea\" aria-invalid=\"false\" name=\"your-message\"><\/textarea><\/span> <\/label>\n<\/p>\n<p><span class=\"wpcf7-form-control-wrap\" data-name=\"your-consent\"><span class=\"wpcf7-form-control wpcf7-acceptance\"><span class=\"wpcf7-list-item\"><label><input type=\"checkbox\" name=\"your-consent\" value=\"1\" aria-invalid=\"false\" \/><span class=\"wpcf7-list-item-label\">I accept the privacy policy*<\/span><\/label><\/span><\/span><\/span>\n<\/p>\n<p><input class=\"wpcf7-form-control wpcf7-submit has-spinner button\" type=\"submit\" value=\"Send\" \/>\n<\/p><div class=\"wpcf7-response-output\" aria-hidden=\"true\"><\/div>\n<\/form>\n<\/div>\n\n<\/div><\/div>\n<\/div>\n<\/div>\n","protected":false},"excerpt":{"rendered":"<p>Contact details Lyon&nbsp;: Si\u00e8ge social Union Industrielle91 cours Lafayette \u2013 69455 LYON CEDEX 06 T\u00e9l&nbsp;: 04 72 83 80 70 contact@union-industrielle.fr Grenoble&nbsp;: AGB Courtage17 rue du Denfert Rochereau \u2013 38000 GRENOBLE T\u00e9l.&nbsp;: 04 76 87 20 24 Lyon&nbsp;: Sofras Conseil10 quai Andr\u00e9 Lassagne &#8211; 69001 LYONT\u00e9l. : 04 78 37 57 17 Contact<\/p>\n","protected":false},"author":1,"featured_media":0,"parent":0,"menu_order":0,"comment_status":"closed","ping_status":"closed","template":"","meta":{"_acf_changed":false,"inline_featured_image":false,"_themeisle_gutenberg_block_has_review":false,"footnotes":""},"class_list":["post-1009","page","type-page","status-publish","hentry"],"acf":[],"yoast_head":"<!-- This site is optimized with the Yoast SEO plugin v27.5 - https:\/\/yoast.com\/product\/yoast-seo-wordpress\/ -->\n<title>Contact us - Union Industrielle<\/title>\n<meta name=\"robots\" content=\"index, follow, max-snippet:-1, max-image-preview:large, max-video-preview:-1\" \/>\n<link rel=\"canonical\" href=\"https:\/\/www.union-industrielle.fr\/en\/contact\/\" \/>\n<meta property=\"og:locale\" content=\"en_US\" \/>\n<meta property=\"og:type\" content=\"article\" \/>\n<meta property=\"og:title\" content=\"Contact us - Union Industrielle\" \/>\n<meta property=\"og:description\" content=\"Contact details Lyon&nbsp;: Si\u00e8ge social Union Industrielle91 cours Lafayette \u2013 69455 LYON CEDEX 06 T\u00e9l&nbsp;: 04 72 83 80 70 contact@union-industrielle.fr Grenoble&nbsp;: AGB Courtage17 rue du Denfert Rochereau \u2013 38000 GRENOBLE T\u00e9l.&nbsp;: 04 76 87 20 24 Lyon&nbsp;: Sofras Conseil10 quai Andr\u00e9 Lassagne &#8211; 69001 LYONT\u00e9l. : 04 78 37 57 17 Contact\" \/>\n<meta property=\"og:url\" content=\"https:\/\/www.union-industrielle.fr\/en\/contact\/\" \/>\n<meta property=\"og:site_name\" content=\"Union Industrielle\" \/>\n<meta property=\"article:modified_time\" content=\"2023-12-20T16:05:47+00:00\" \/>\n<meta name=\"twitter:card\" content=\"summary_large_image\" \/>\n<meta name=\"twitter:site\" content=\"@UIndustrielle\" \/>\n<script type=\"application\/ld+json\" class=\"yoast-schema-graph\">{\"@context\":\"https:\\\/\\\/schema.org\",\"@graph\":[{\"@type\":\"WebPage\",\"@id\":\"https:\\\/\\\/www.union-industrielle.fr\\\/en\\\/contact\\\/\",\"url\":\"https:\\\/\\\/www.union-industrielle.fr\\\/en\\\/contact\\\/\",\"name\":\"Contact us - Union Industrielle\",\"isPartOf\":{\"@id\":\"https:\\\/\\\/www.union-industrielle.fr\\\/en\\\/#website\"},\"datePublished\":\"2023-11-15T14:11:33+00:00\",\"dateModified\":\"2023-12-20T16:05:47+00:00\",\"breadcrumb\":{\"@id\":\"https:\\\/\\\/www.union-industrielle.fr\\\/en\\\/contact\\\/#breadcrumb\"},\"inLanguage\":\"en-US\",\"potentialAction\":[{\"@type\":\"ReadAction\",\"target\":[\"https:\\\/\\\/www.union-industrielle.fr\\\/en\\\/contact\\\/\"]}]},{\"@type\":\"BreadcrumbList\",\"@id\":\"https:\\\/\\\/www.union-industrielle.fr\\\/en\\\/contact\\\/#breadcrumb\",\"itemListElement\":[{\"@type\":\"ListItem\",\"position\":1,\"name\":\"Accueil\",\"item\":\"https:\\\/\\\/www.union-industrielle.fr\\\/en\\\/\"},{\"@type\":\"ListItem\",\"position\":2,\"name\":\"Contact us\"}]},{\"@type\":\"WebSite\",\"@id\":\"https:\\\/\\\/www.union-industrielle.fr\\\/en\\\/#website\",\"url\":\"https:\\\/\\\/www.union-industrielle.fr\\\/en\\\/\",\"name\":\"Union Industrielle\",\"description\":\"COURTIER CONSEIL EN ASSURANCES\",\"publisher\":{\"@id\":\"https:\\\/\\\/www.union-industrielle.fr\\\/en\\\/#organization\"},\"potentialAction\":[{\"@type\":\"SearchAction\",\"target\":{\"@type\":\"EntryPoint\",\"urlTemplate\":\"https:\\\/\\\/www.union-industrielle.fr\\\/en\\\/?s={search_term_string}\"},\"query-input\":{\"@type\":\"PropertyValueSpecification\",\"valueRequired\":true,\"valueName\":\"search_term_string\"}}],\"inLanguage\":\"en-US\"},{\"@type\":\"Organization\",\"@id\":\"https:\\\/\\\/www.union-industrielle.fr\\\/en\\\/#organization\",\"name\":\"Union Industrielle\",\"url\":\"https:\\\/\\\/www.union-industrielle.fr\\\/en\\\/\",\"logo\":{\"@type\":\"ImageObject\",\"inLanguage\":\"en-US\",\"@id\":\"https:\\\/\\\/www.union-industrielle.fr\\\/en\\\/#\\\/schema\\\/logo\\\/image\\\/\",\"url\":\"https:\\\/\\\/www.union-industrielle.fr\\\/custom\\\/uploads\\\/2023\\\/12\\\/logo-color.png\",\"contentUrl\":\"https:\\\/\\\/www.union-industrielle.fr\\\/custom\\\/uploads\\\/2023\\\/12\\\/logo-color.png\",\"width\":667,\"height\":377,\"caption\":\"Union Industrielle\"},\"image\":{\"@id\":\"https:\\\/\\\/www.union-industrielle.fr\\\/en\\\/#\\\/schema\\\/logo\\\/image\\\/\"},\"sameAs\":[\"https:\\\/\\\/x.com\\\/UIndustrielle\",\"https:\\\/\\\/www.linkedin.com\\\/company\\\/union-industrielle\"]}]}<\/script>\n<!-- \/ Yoast SEO plugin. -->","yoast_head_json":{"title":"Contact us - Union Industrielle","robots":{"index":"index","follow":"follow","max-snippet":"max-snippet:-1","max-image-preview":"max-image-preview:large","max-video-preview":"max-video-preview:-1"},"canonical":"https:\/\/www.union-industrielle.fr\/en\/contact\/","og_locale":"en_US","og_type":"article","og_title":"Contact us - Union Industrielle","og_description":"Contact details Lyon&nbsp;: Si\u00e8ge social Union Industrielle91 cours Lafayette \u2013 69455 LYON CEDEX 06 T\u00e9l&nbsp;: 04 72 83 80 70 contact@union-industrielle.fr Grenoble&nbsp;: AGB Courtage17 rue du Denfert Rochereau \u2013 38000 GRENOBLE T\u00e9l.&nbsp;: 04 76 87 20 24 Lyon&nbsp;: Sofras Conseil10 quai Andr\u00e9 Lassagne &#8211; 69001 LYONT\u00e9l. : 04 78 37 57 17 Contact","og_url":"https:\/\/www.union-industrielle.fr\/en\/contact\/","og_site_name":"Union Industrielle","article_modified_time":"2023-12-20T16:05:47+00:00","twitter_card":"summary_large_image","twitter_site":"@UIndustrielle","schema":{"@context":"https:\/\/schema.org","@graph":[{"@type":"WebPage","@id":"https:\/\/www.union-industrielle.fr\/en\/contact\/","url":"https:\/\/www.union-industrielle.fr\/en\/contact\/","name":"Contact us - Union Industrielle","isPartOf":{"@id":"https:\/\/www.union-industrielle.fr\/en\/#website"},"datePublished":"2023-11-15T14:11:33+00:00","dateModified":"2023-12-20T16:05:47+00:00","breadcrumb":{"@id":"https:\/\/www.union-industrielle.fr\/en\/contact\/#breadcrumb"},"inLanguage":"en-US","potentialAction":[{"@type":"ReadAction","target":["https:\/\/www.union-industrielle.fr\/en\/contact\/"]}]},{"@type":"BreadcrumbList","@id":"https:\/\/www.union-industrielle.fr\/en\/contact\/#breadcrumb","itemListElement":[{"@type":"ListItem","position":1,"name":"Accueil","item":"https:\/\/www.union-industrielle.fr\/en\/"},{"@type":"ListItem","position":2,"name":"Contact us"}]},{"@type":"WebSite","@id":"https:\/\/www.union-industrielle.fr\/en\/#website","url":"https:\/\/www.union-industrielle.fr\/en\/","name":"Union Industrielle","description":"COURTIER CONSEIL EN ASSURANCES","publisher":{"@id":"https:\/\/www.union-industrielle.fr\/en\/#organization"},"potentialAction":[{"@type":"SearchAction","target":{"@type":"EntryPoint","urlTemplate":"https:\/\/www.union-industrielle.fr\/en\/?s={search_term_string}"},"query-input":{"@type":"PropertyValueSpecification","valueRequired":true,"valueName":"search_term_string"}}],"inLanguage":"en-US"},{"@type":"Organization","@id":"https:\/\/www.union-industrielle.fr\/en\/#organization","name":"Union Industrielle","url":"https:\/\/www.union-industrielle.fr\/en\/","logo":{"@type":"ImageObject","inLanguage":"en-US","@id":"https:\/\/www.union-industrielle.fr\/en\/#\/schema\/logo\/image\/","url":"https:\/\/www.union-industrielle.fr\/custom\/uploads\/2023\/12\/logo-color.png","contentUrl":"https:\/\/www.union-industrielle.fr\/custom\/uploads\/2023\/12\/logo-color.png","width":667,"height":377,"caption":"Union Industrielle"},"image":{"@id":"https:\/\/www.union-industrielle.fr\/en\/#\/schema\/logo\/image\/"},"sameAs":["https:\/\/x.com\/UIndustrielle","https:\/\/www.linkedin.com\/company\/union-industrielle"]}]}},"_links":{"self":[{"href":"https:\/\/www.union-industrielle.fr\/en\/wp-json\/wp\/v2\/pages\/1009","targetHints":{"allow":["GET"]}}],"collection":[{"href":"https:\/\/www.union-industrielle.fr\/en\/wp-json\/wp\/v2\/pages"}],"about":[{"href":"https:\/\/www.union-industrielle.fr\/en\/wp-json\/wp\/v2\/types\/page"}],"author":[{"embeddable":true,"href":"https:\/\/www.union-industrielle.fr\/en\/wp-json\/wp\/v2\/users\/1"}],"replies":[{"embeddable":true,"href":"https:\/\/www.union-industrielle.fr\/en\/wp-json\/wp\/v2\/comments?post=1009"}],"version-history":[{"count":10,"href":"https:\/\/www.union-industrielle.fr\/en\/wp-json\/wp\/v2\/pages\/1009\/revisions"}],"predecessor-version":[{"id":1236,"href":"https:\/\/www.union-industrielle.fr\/en\/wp-json\/wp\/v2\/pages\/1009\/revisions\/1236"}],"wp:attachment":[{"href":"https:\/\/www.union-industrielle.fr\/en\/wp-json\/wp\/v2\/media?parent=1009"}],"curies":[{"name":"wp","href":"https:\/\/api.w.org\/{rel}","templated":true}]}}