{"id":1081,"date":"2023-11-15T14:14:45","date_gmt":"2023-11-15T14:14:45","guid":{"rendered":"https:\/\/www.union-industrielle.fr\/?page_id=1081"},"modified":"2024-01-03T16:05:56","modified_gmt":"2024-01-03T16:05:56","slug":"legal-notice","status":"publish","type":"page","link":"https:\/\/www.union-industrielle.fr\/en\/legal-notice\/","title":{"rendered":"Legal notice"},"content":{"rendered":"\n<h2 class=\"wp-block-heading\">Our Company<\/h2>\n\n\n\n<p>UNION INDUSTRIELLE is a public limited company with share capital of \u20ac320,000.00, headquartered at 91 cours Lafayette, 69455 LYON cedex 06, registered in the Lyon Trade and Companies Register under number 383 676 434.<\/p>\n\n\n\n<p>We carry on the regulated business of insurance brokerage (APE code: 6622z).<br>You can reach us on tel. 04 72 83 80 70 or with the <a href=\"https:\/\/www.union-industrielle.fr\/en\/contact\/\">contact form<\/a>.<\/p>\n\n\n\n<p>Our firm is registered with Orias as an insurance broker under no. 07 022 981, which can be checked at <a href=\"http:\/\/www.orias.fr\" target=\"_blank\" rel=\"noreferrer noopener\">www.orias.fr<\/a>. This guarantees that our professional liability and financial guarantees comply with current legislation.<\/p>\n\n\n\n<p>Our business is supervised by the Autorit\u00e9 de Contr\u00f4le Prudentiel et de R\u00e9solution (ACPR), 4 Place de Budapest, CS 92459, 75436 Paris Cedex 9.<\/p>\n\n\n\n<h2 class=\"wp-block-heading\">Website presentation<\/h2>\n\n\n\n<p><strong>Owner: UNION INDUSTRIELLE<\/strong><br>91 Cours Lafayette<br>69455 LYON CEDEX 06<br>Tel: + 33 4 72 83 80 70<br>Fax: +\u00a033 4 72 83 80 75<\/p>\n\n\n\n<p>Webmaster: <a href=\"https:\/\/hey-oh.fr\/\" target=\"_blank\" rel=\"noreferrer noopener\">Agence Hey\u00a0! Oh<\/a><br>Publication manager: S\u00e9verine LEVAIN &#8211; Union Industrielle<br>Webmaster: <a href=\"https:\/\/hey-oh.fr\/\" target=\"_blank\" rel=\"noreferrer noopener\">Agence Hey\u00a0! Oh<\/a><br>Host:\u00a0OVH\u00a0\u2013 2 rue Kellermann \u2013 59100 Roubaix \u2013 France\u00a0\u2013\u00a0<a href=\"https:\/\/www.ovhcloud.com\/fr\/\" target=\"_blank\" rel=\"noreferrer noopener\">www.ovh.com<\/a><\/p>\n\n\n\n<h2 class=\"wp-block-heading\">Terms and conditions of use of the site and the services offered<\/h2>\n\n\n\n<p>Use of the <a href=\"http:\/\/www.union-industrielle.fr\">www.union-industrielle.fr<\/a> website implies full acceptance of the general conditions of use described below. These conditions of use may be modified or supplemented at any time, and users of the <a href=\"http:\/\/www.union-industrielle.fr\">www.union-industrielle.fr<\/a> site are therefore advised to consult them regularly.<br>This site is normally accessible to users at all times. <a href=\"http:\/\/www.union-industrielle.fr\">www.union-industrielle.fr<\/a> may, however, decide to interrupt the site for technical maintenance purposes, in which case it will endeavor to inform users of the dates and times of the intervention in advance.<br>The www.union-industrielle.fr website is regularly updated by UNION INDUSTRIELLE. Similarly, the legal notices may be modified at any time: they are nonetheless binding on the user, who is invited to refer to them as often as possible in order to review them.<\/p>\n\n\n\n<h2 class=\"wp-block-heading\">Description of the services provided<\/h2>\n\n\n\n<p>The purpose of the <a href=\"http:\/\/www.union-industrielle.fr\">www.union-industrielle.fr<\/a> website is to provide information concerning all of the company&#8217;s activities. UNION INDUSTRIELLE endeavours to provide information on the <a href=\"http:\/\/www.union-industrielle.fr\">www.union-industrielle.fr<\/a> website that is as accurate as possible. However, it may not be held liable for any omissions, inaccuracies or failures to update information, whether these are its fault or the fault of third-party partners who provide it with this information.<br>All information provided on the <a href=\"http:\/\/www.union-industrielle.fr\">www.union-industrielle.fr<\/a> website is given for information purposes only and is subject to change. Furthermore, the information on the <a href=\"http:\/\/www.union-industrielle.fr\">www.union-industrielle.fr<\/a> website is not exhaustive. It is given subject to modifications having been made since it was put on line.<\/p>\n\n\n\n<h2 class=\"wp-block-heading\">Contractual limitations on technical data<\/h2>\n\n\n\n<p>The site uses JavaScript technology.<br>The website cannot be held responsible for any material damage linked to the use of the site. In addition, users of the site undertake to access the site using recent, virus-free equipment and with an up-to-date, latest-generation browser.<\/p>\n\n\n\n<h2 class=\"wp-block-heading\">Intellectual property and counterfeiting<\/h2>\n\n\n\n<p>UNION INDUSTRIELLE is the owner of the intellectual property rights or holds the rights of use on all the elements accessible on the site, in particular the texts, images, graphics, logos, icons, sounds and software.<br>Any reproduction, representation, modification, publication, adaptation of all or part of the elements of the site, whatever the means or process used, is prohibited, except with the prior written authorisation of : UNION INDUSTRIELLE.<br>Any unauthorised use of the site or of any of the elements it contains will be considered as constituting an infringement and will be prosecuted in accordance with the provisions of articles L.335-2 et seq. of the French Intellectual Property Code.<\/p>\n\n\n\n<h2 class=\"wp-block-heading\">Limitation of liability<\/h2>\n\n\n\n<p>UNION INDUSTRIELLE may not be held liable for any direct or indirect damage caused to the user&#8217;s equipment when accessing the <a href=\"http:\/\/www.union-industrielle.fr\">www.union-industrielle.fr<\/a> website, resulting either from the use of equipment that does not meet the specifications indicated in point 4, or from the appearance of a bug or incompatibility.<br>UNION INDUSTRIELLE may also not be held liable for indirect damage (such as loss of market or loss of opportunity) resulting from the use of the <a href=\"http:\/\/www.union-industrielle.fr\">www.union-industrielle.fr<\/a> website.<br>Interactive areas (possibility to ask questions in the contact area) are available to users. UNION INDUSTRIELLE reserves the right to delete, without prior notice, any content posted in this area that contravenes the legislation applicable in France, in particular the provisions relating to data protection. Where applicable, UNION INDUSTRIELLE also reserves the right to hold the user civilly and\/or criminally liable, particularly in the event of messages of a racist, insulting, defamatory or pornographic nature, whatever the medium used (text, photographs, etc.).<\/p>\n\n\n\n<h2 class=\"wp-block-heading\">How can I make a claim?<\/h2>\n\n\n\n<p>Your usual Account Manager is your main point of contact. Please do not hesitate to contact him or her if you have any queries.<\/p>\n\n\n\n<p>If you have a complaint, please contact us, specifying the subject of your request and the department concerned (contract management, claims, accounting) and writing to the address below:<br>Union Industrielle, Service R\u00e9clamation, 91 cours Lafayette, 69455 Lyon Cedex 06 or use our <a href=\"https:\/\/www.union-industrielle.fr\/contact\/\">contact for<\/a><a href=\"https:\/\/www.union-industrielle.fr\/en\/contact\/?\">m<\/a>.<\/p>\n\n\n\n<p>We undertake to reply within 10 working days at the latest and to give you a definitive answer within 60 days:<\/p>\n\n\n\n<p>If you are a &#8220;consumer&#8221; customer, in accordance with article L616-1 of the French Consumer Code, you may refer your complaint to the Mediation officer to intervene in any dispute that has not been settled by means of a prior complaint lodged directly with our firm.<\/p>\n\n\n\n<p>You can contact the Mediation officer by :<\/p>\n\n\n\n<p>By post to the following address La M\u00e9diation de l&#8217;Assurance; P\u00f4le CSCA; TSA 50110; 75441 Paris Cedex 09, France.<\/p>\n\n\n\n<p>E-mail: <a href=\"mailto:le.mediateur@mediation-assurance.org\" target=\"_blank\" rel=\"noreferrer noopener\">le.mediateur@mediation-assurance.org<\/a><\/p>\n\n\n\n<p>On the website <a href=\"http:\/\/www.mediation-assurance.org\" target=\"_blank\" rel=\"noreferrer noopener\">www.mediation-assurance.org<\/a><\/p>\n\n\n\n<p>In all cases, you retain the right to take legal action, without prior recourse to mediation.<\/p>\n\n\n\n<h2 class=\"wp-block-heading\">Applicable law and jurisdiction<\/h2>\n\n\n\n<p>Any dispute relating to the use of the <a href=\"http:\/\/www.union-industrielle.fr\">www.union-industrielle.fr<\/a> website is subject to French law. The competent courts of Paris have exclusive jurisdiction.<\/p>\n\n\n\n<h2 class=\"wp-block-heading\">Glossary<\/h2>\n\n\n\n<p>User: Internet user connecting to and using the aforementioned site.<br>Personal information: &#8220;information which allows, in any form whatsoever, directly or indirectly, the identification of the natural persons to whom it applies&#8221;.<\/p>\n","protected":false},"excerpt":{"rendered":"<p>Our Company UNION INDUSTRIELLE is a public limited company with share capital of \u20ac320,000.00, headquartered at 91 cours Lafayette, 69455 LYON cedex 06, registered in the Lyon Trade and Companies Register under number 383 676 434. We carry on the regulated business of insurance brokerage (APE code: 6622z).You can reach us on tel. 04 72 [&hellip;]<\/p>\n","protected":false},"author":1,"featured_media":0,"parent":0,"menu_order":0,"comment_status":"closed","ping_status":"closed","template":"","meta":{"_acf_changed":false,"inline_featured_image":false,"_themeisle_gutenberg_block_has_review":false,"footnotes":""},"class_list":["post-1081","page","type-page","status-publish","hentry"],"acf":[],"yoast_head":"<!-- This site is optimized with the Yoast SEO plugin v27.5 - https:\/\/yoast.com\/product\/yoast-seo-wordpress\/ -->\n<title>Legal notice - Union Industrielle<\/title>\n<meta name=\"robots\" content=\"index, follow, max-snippet:-1, max-image-preview:large, max-video-preview:-1\" \/>\n<link rel=\"canonical\" href=\"https:\/\/www.union-industrielle.fr\/en\/legal-notice\/\" \/>\n<meta property=\"og:locale\" content=\"en_US\" \/>\n<meta property=\"og:type\" content=\"article\" \/>\n<meta property=\"og:title\" content=\"Legal notice - Union Industrielle\" \/>\n<meta property=\"og:description\" content=\"Our Company UNION INDUSTRIELLE is a public limited company with share capital of \u20ac320,000.00, headquartered at 91 cours Lafayette, 69455 LYON cedex 06, registered in the Lyon Trade and Companies Register under number 383 676 434. We carry on the regulated business of insurance brokerage (APE code: 6622z).You can reach us on tel. 04 72 [&hellip;]\" \/>\n<meta property=\"og:url\" content=\"https:\/\/www.union-industrielle.fr\/en\/legal-notice\/\" \/>\n<meta property=\"og:site_name\" content=\"Union Industrielle\" \/>\n<meta property=\"article:modified_time\" content=\"2024-01-03T16:05:56+00:00\" \/>\n<meta name=\"twitter:card\" content=\"summary_large_image\" \/>\n<meta name=\"twitter:site\" content=\"@UIndustrielle\" \/>\n<meta name=\"twitter:label1\" content=\"Est. reading time\" \/>\n\t<meta name=\"twitter:data1\" content=\"5 minutes\" \/>\n<script type=\"application\/ld+json\" class=\"yoast-schema-graph\">{\"@context\":\"https:\\\/\\\/schema.org\",\"@graph\":[{\"@type\":\"WebPage\",\"@id\":\"https:\\\/\\\/www.union-industrielle.fr\\\/en\\\/legal-notice\\\/\",\"url\":\"https:\\\/\\\/www.union-industrielle.fr\\\/en\\\/legal-notice\\\/\",\"name\":\"Legal notice - Union Industrielle\",\"isPartOf\":{\"@id\":\"https:\\\/\\\/www.union-industrielle.fr\\\/en\\\/#website\"},\"datePublished\":\"2023-11-15T14:14:45+00:00\",\"dateModified\":\"2024-01-03T16:05:56+00:00\",\"breadcrumb\":{\"@id\":\"https:\\\/\\\/www.union-industrielle.fr\\\/en\\\/legal-notice\\\/#breadcrumb\"},\"inLanguage\":\"en-US\",\"potentialAction\":[{\"@type\":\"ReadAction\",\"target\":[\"https:\\\/\\\/www.union-industrielle.fr\\\/en\\\/legal-notice\\\/\"]}]},{\"@type\":\"BreadcrumbList\",\"@id\":\"https:\\\/\\\/www.union-industrielle.fr\\\/en\\\/legal-notice\\\/#breadcrumb\",\"itemListElement\":[{\"@type\":\"ListItem\",\"position\":1,\"name\":\"Accueil\",\"item\":\"https:\\\/\\\/www.union-industrielle.fr\\\/en\\\/\"},{\"@type\":\"ListItem\",\"position\":2,\"name\":\"Legal notice\"}]},{\"@type\":\"WebSite\",\"@id\":\"https:\\\/\\\/www.union-industrielle.fr\\\/en\\\/#website\",\"url\":\"https:\\\/\\\/www.union-industrielle.fr\\\/en\\\/\",\"name\":\"Union Industrielle\",\"description\":\"COURTIER CONSEIL EN ASSURANCES\",\"publisher\":{\"@id\":\"https:\\\/\\\/www.union-industrielle.fr\\\/en\\\/#organization\"},\"potentialAction\":[{\"@type\":\"SearchAction\",\"target\":{\"@type\":\"EntryPoint\",\"urlTemplate\":\"https:\\\/\\\/www.union-industrielle.fr\\\/en\\\/?s={search_term_string}\"},\"query-input\":{\"@type\":\"PropertyValueSpecification\",\"valueRequired\":true,\"valueName\":\"search_term_string\"}}],\"inLanguage\":\"en-US\"},{\"@type\":\"Organization\",\"@id\":\"https:\\\/\\\/www.union-industrielle.fr\\\/en\\\/#organization\",\"name\":\"Union Industrielle\",\"url\":\"https:\\\/\\\/www.union-industrielle.fr\\\/en\\\/\",\"logo\":{\"@type\":\"ImageObject\",\"inLanguage\":\"en-US\",\"@id\":\"https:\\\/\\\/www.union-industrielle.fr\\\/en\\\/#\\\/schema\\\/logo\\\/image\\\/\",\"url\":\"https:\\\/\\\/www.union-industrielle.fr\\\/custom\\\/uploads\\\/2023\\\/12\\\/logo-color.png\",\"contentUrl\":\"https:\\\/\\\/www.union-industrielle.fr\\\/custom\\\/uploads\\\/2023\\\/12\\\/logo-color.png\",\"width\":667,\"height\":377,\"caption\":\"Union Industrielle\"},\"image\":{\"@id\":\"https:\\\/\\\/www.union-industrielle.fr\\\/en\\\/#\\\/schema\\\/logo\\\/image\\\/\"},\"sameAs\":[\"https:\\\/\\\/x.com\\\/UIndustrielle\",\"https:\\\/\\\/www.linkedin.com\\\/company\\\/union-industrielle\"]}]}<\/script>\n<!-- \/ Yoast SEO plugin. -->","yoast_head_json":{"title":"Legal notice - Union Industrielle","robots":{"index":"index","follow":"follow","max-snippet":"max-snippet:-1","max-image-preview":"max-image-preview:large","max-video-preview":"max-video-preview:-1"},"canonical":"https:\/\/www.union-industrielle.fr\/en\/legal-notice\/","og_locale":"en_US","og_type":"article","og_title":"Legal notice - Union Industrielle","og_description":"Our Company UNION INDUSTRIELLE is a public limited company with share capital of \u20ac320,000.00, headquartered at 91 cours Lafayette, 69455 LYON cedex 06, registered in the Lyon Trade and Companies Register under number 383 676 434. We carry on the regulated business of insurance brokerage (APE code: 6622z).You can reach us on tel. 04 72 [&hellip;]","og_url":"https:\/\/www.union-industrielle.fr\/en\/legal-notice\/","og_site_name":"Union Industrielle","article_modified_time":"2024-01-03T16:05:56+00:00","twitter_card":"summary_large_image","twitter_site":"@UIndustrielle","twitter_misc":{"Est. reading time":"5 minutes"},"schema":{"@context":"https:\/\/schema.org","@graph":[{"@type":"WebPage","@id":"https:\/\/www.union-industrielle.fr\/en\/legal-notice\/","url":"https:\/\/www.union-industrielle.fr\/en\/legal-notice\/","name":"Legal notice - Union Industrielle","isPartOf":{"@id":"https:\/\/www.union-industrielle.fr\/en\/#website"},"datePublished":"2023-11-15T14:14:45+00:00","dateModified":"2024-01-03T16:05:56+00:00","breadcrumb":{"@id":"https:\/\/www.union-industrielle.fr\/en\/legal-notice\/#breadcrumb"},"inLanguage":"en-US","potentialAction":[{"@type":"ReadAction","target":["https:\/\/www.union-industrielle.fr\/en\/legal-notice\/"]}]},{"@type":"BreadcrumbList","@id":"https:\/\/www.union-industrielle.fr\/en\/legal-notice\/#breadcrumb","itemListElement":[{"@type":"ListItem","position":1,"name":"Accueil","item":"https:\/\/www.union-industrielle.fr\/en\/"},{"@type":"ListItem","position":2,"name":"Legal notice"}]},{"@type":"WebSite","@id":"https:\/\/www.union-industrielle.fr\/en\/#website","url":"https:\/\/www.union-industrielle.fr\/en\/","name":"Union Industrielle","description":"COURTIER CONSEIL EN ASSURANCES","publisher":{"@id":"https:\/\/www.union-industrielle.fr\/en\/#organization"},"potentialAction":[{"@type":"SearchAction","target":{"@type":"EntryPoint","urlTemplate":"https:\/\/www.union-industrielle.fr\/en\/?s={search_term_string}"},"query-input":{"@type":"PropertyValueSpecification","valueRequired":true,"valueName":"search_term_string"}}],"inLanguage":"en-US"},{"@type":"Organization","@id":"https:\/\/www.union-industrielle.fr\/en\/#organization","name":"Union Industrielle","url":"https:\/\/www.union-industrielle.fr\/en\/","logo":{"@type":"ImageObject","inLanguage":"en-US","@id":"https:\/\/www.union-industrielle.fr\/en\/#\/schema\/logo\/image\/","url":"https:\/\/www.union-industrielle.fr\/custom\/uploads\/2023\/12\/logo-color.png","contentUrl":"https:\/\/www.union-industrielle.fr\/custom\/uploads\/2023\/12\/logo-color.png","width":667,"height":377,"caption":"Union Industrielle"},"image":{"@id":"https:\/\/www.union-industrielle.fr\/en\/#\/schema\/logo\/image\/"},"sameAs":["https:\/\/x.com\/UIndustrielle","https:\/\/www.linkedin.com\/company\/union-industrielle"]}]}},"_links":{"self":[{"href":"https:\/\/www.union-industrielle.fr\/en\/wp-json\/wp\/v2\/pages\/1081","targetHints":{"allow":["GET"]}}],"collection":[{"href":"https:\/\/www.union-industrielle.fr\/en\/wp-json\/wp\/v2\/pages"}],"about":[{"href":"https:\/\/www.union-industrielle.fr\/en\/wp-json\/wp\/v2\/types\/page"}],"author":[{"embeddable":true,"href":"https:\/\/www.union-industrielle.fr\/en\/wp-json\/wp\/v2\/users\/1"}],"replies":[{"embeddable":true,"href":"https:\/\/www.union-industrielle.fr\/en\/wp-json\/wp\/v2\/comments?post=1081"}],"version-history":[{"count":3,"href":"https:\/\/www.union-industrielle.fr\/en\/wp-json\/wp\/v2\/pages\/1081\/revisions"}],"predecessor-version":[{"id":1331,"href":"https:\/\/www.union-industrielle.fr\/en\/wp-json\/wp\/v2\/pages\/1081\/revisions\/1331"}],"wp:attachment":[{"href":"https:\/\/www.union-industrielle.fr\/en\/wp-json\/wp\/v2\/media?parent=1081"}],"curies":[{"name":"wp","href":"https:\/\/api.w.org\/{rel}","templated":true}]}}